{"id":198,"date":"2024-07-23T12:37:32","date_gmt":"2024-07-23T17:37:32","guid":{"rendered":"http:\/\/xcayhome.com\/?page_id=198"},"modified":"2024-09-12T12:56:15","modified_gmt":"2024-09-12T17:56:15","slug":"xcay","status":"publish","type":"page","link":"https:\/\/xcayhome.com\/en\/xcay\/","title":{"rendered":"Xcay"},"content":{"rendered":"<div data-elementor-type=\"wp-page\" data-elementor-id=\"198\" class=\"elementor elementor-198\" data-elementor-post-type=\"page\">\n\t\t\t\t<div class=\"elementor-element elementor-element-b646213 e-flex e-con-boxed e-con e-parent\" data-id=\"b646213\" data-element_type=\"container\" data-settings=\"{&quot;background_background&quot;:&quot;classic&quot;}\">\n\t\t\t\t\t<div class=\"e-con-inner\">\n\t\t\t\t\t<\/div>\n\t\t\t\t<\/div>\n\t\t<div class=\"elementor-element elementor-element-ca769c6 e-flex e-con-boxed e-con e-parent\" data-id=\"ca769c6\" data-element_type=\"container\" data-settings=\"{&quot;background_background&quot;:&quot;classic&quot;}\">\n\t\t\t\t\t<div class=\"e-con-inner\">\n\t\t\t\t<div class=\"elementor-element elementor-element-1ab581c elementor-view-default elementor-widget elementor-widget-icon\" data-id=\"1ab581c\" data-element_type=\"widget\" data-widget_type=\"icon.default\">\n\t\t\t\t<div class=\"elementor-widget-container\">\n\t\t\t\t\t<div class=\"elementor-icon-wrapper\">\n\t\t\t<div class=\"elementor-icon\">\n\t\t\t<svg xmlns=\"http:\/\/www.w3.org\/2000\/svg\" id=\"Capa_2\" data-name=\"Capa 2\" viewbox=\"0 0 148.84 142.68\"><defs><style>      .cls-1 {        fill: #fff;      }    <\/style><\/defs><g id=\"Capa_1-2\" data-name=\"Capa 1\"><g><path class=\"cls-1\" d=\"m74.5,90.93l-27.84,20.23v31.52h55.55v-31.52l-27.71-20.23Z\"><\/path><path class=\"cls-1\" d=\"m91.19,78.62l11.04,32.6,30.09,9.38,16.53-53.04-30.09-9.38-27.56,20.44Z\"><\/path><path class=\"cls-1\" d=\"m85.52,58.15h33.23s18.89-25.92,18.89-25.92L93.55,0l-18.54,25.49,10.51,32.67Z\"><\/path><path class=\"cls-1\" d=\"m75.01,25.49L56.47,0,11.55,32.67l18.54,25.49h34.41s10.51-32.67,10.51-32.67Z\"><\/path><path class=\"cls-1\" d=\"m30.09,58.18L0,67.55l16.53,53.04,30.09-9.38,11.04-32.6-27.56-20.44Z\"><\/path><\/g><\/g><\/svg>\t\t\t<\/div>\n\t\t<\/div>\n\t\t\t\t<\/div>\n\t\t\t\t<\/div>\n\t\t\t\t<div class=\"elementor-element elementor-element-21756a5 elementor-widget elementor-widget-heading\" data-id=\"21756a5\" data-element_type=\"widget\" data-widget_type=\"heading.default\">\n\t\t\t\t<div class=\"elementor-widget-container\">\n\t\t\t<h2 class=\"elementor-heading-title elementor-size-default\">Somos operadores hoteleros expertos.<\/h2>\t\t<\/div>\n\t\t\t\t<\/div>\n\t\t\t\t<div class=\"elementor-element elementor-element-c9a87a5 elementor-widget__width-initial elementor-widget-mobile__width-initial elementor-widget elementor-widget-text-editor\" data-id=\"c9a87a5\" data-element_type=\"widget\" data-widget_type=\"text-editor.default\">\n\t\t\t\t<div class=\"elementor-widget-container\">\n\t\t\t\t\t\t\t<p>Somos profesionales en la administraci\u00f3n y operaci\u00f3n hotelera y de vivienda tur\u00edstica para cortas y largas estad\u00edas. Generamos valor a los activos de los propietarios, redefiniendo la gesti\u00f3n de los alojamientos a trav\u00e9s de la tecnolog\u00eda y una experiencia excepcional para los hu\u00e9spedes <span style=\"font-size: 1rem;\">dentro del marco legal<\/span><span style=\"font-size: 1rem;\">.<\/span><\/p>\t\t\t\t\t\t<\/div>\n\t\t\t\t<\/div>\n\t\t\t\t<div class=\"elementor-element elementor-element-5418ffe elementor-widget__width-initial elementor-widget-mobile__width-initial elementor-widget elementor-widget-heading\" data-id=\"5418ffe\" data-element_type=\"widget\" data-widget_type=\"heading.default\">\n\t\t\t\t<div class=\"elementor-widget-container\">\n\t\t\t<h2 class=\"elementor-heading-title elementor-size-default\">Happy guests and satisfied owners \nthat's the most important thing!<\/h2>\t\t<\/div>\n\t\t\t\t<\/div>\n\t\t\t\t\t<\/div>\n\t\t\t\t<\/div>\n\t\t<div class=\"elementor-element elementor-element-1c9be5f e-con-full e-flex e-con e-parent\" data-id=\"1c9be5f\" data-element_type=\"container\">\n\t\t<div class=\"elementor-element elementor-element-62a206e e-con-full e-flex e-con e-child\" data-id=\"62a206e\" data-element_type=\"container\">\n\t\t\t\t<div class=\"elementor-element elementor-element-1c972bf elementor-widget elementor-widget-heading\" data-id=\"1c972bf\" data-element_type=\"widget\" data-widget_type=\"heading.default\">\n\t\t\t\t<div class=\"elementor-widget-container\">\n\t\t\t<h2 class=\"elementor-heading-title elementor-size-default\">XCay Approach<\/h2>\t\t<\/div>\n\t\t\t\t<\/div>\n\t\t\t\t<div class=\"elementor-element elementor-element-814b524 elementor-widget__width-inherit elementor-widget elementor-widget-text-editor\" data-id=\"814b524\" data-element_type=\"widget\" data-widget_type=\"text-editor.default\">\n\t\t\t\t<div class=\"elementor-widget-container\">\n\t\t\t\t\t\t\t<p>Realizamos una gesti\u00f3n profesional de propiedades para alojamiento.<\/p><p>We are focused on meeting the needs of the modern traveler, offering fully equipped properties for short and long stays.<\/p>\t\t\t\t\t\t<\/div>\n\t\t\t\t<\/div>\n\t\t\t\t<\/div>\n\t\t<div class=\"elementor-element elementor-element-c2e2d2d e-con-full e-flex e-con e-child\" data-id=\"c2e2d2d\" data-element_type=\"container\">\n\t\t\t\t<div class=\"elementor-element elementor-element-a6ea589 elementor-widget__width-initial elementor-widget-mobile__width-inherit elementor-widget elementor-widget-heading\" data-id=\"a6ea589\" data-element_type=\"widget\" data-widget_type=\"heading.default\">\n\t\t\t\t<div class=\"elementor-widget-container\">\n\t\t\t<h2 class=\"elementor-heading-title elementor-size-default\">If you are an owner<\/h2>\t\t<\/div>\n\t\t\t\t<\/div>\n\t\t\t\t<div class=\"elementor-element elementor-element-156280e elementor-widget__width-initial elementor-widget-mobile__width-inherit elementor-widget elementor-widget-text-editor\" data-id=\"156280e\" data-element_type=\"widget\" data-widget_type=\"text-editor.default\">\n\t\t\t\t<div class=\"elementor-widget-container translation-block\">Revenue Management<br>\nAmenities Provisioning<br>\nReservation Management<br>\nProperty cleaning<br>\n24\/7 Guest Service<br>\nPayment Management<\/div>\n\t\t\t\t<\/div>\n\t\t\t\t<\/div>\n\t\t<div class=\"elementor-element elementor-element-8ad561a e-con-full e-flex e-con e-child\" data-id=\"8ad561a\" data-element_type=\"container\">\n\t\t\t\t<div class=\"elementor-element elementor-element-14577ba elementor-widget elementor-widget-heading\" data-id=\"14577ba\" data-element_type=\"widget\" data-widget_type=\"heading.default\">\n\t\t\t\t<div class=\"elementor-widget-container\">\n\t\t\t<h2 class=\"elementor-heading-title elementor-size-default\">If you are a traveler<\/h2>\t\t<\/div>\n\t\t\t\t<\/div>\n\t\t\t\t<div class=\"elementor-element elementor-element-1b359f0 elementor-widget__width-inherit elementor-widget elementor-widget-text-editor\" data-id=\"1b359f0\" data-element_type=\"widget\" data-widget_type=\"text-editor.default\">\n\t\t\t\t<div class=\"elementor-widget-container\">\n\t\t\t\t\t\t\t<p>Atenci\u00f3n 24\/7<br \/>Recomendaciones locales<br \/>Check in y Check out autom\u00e1tico<br \/><br \/><\/p>\t\t\t\t\t\t<\/div>\n\t\t\t\t<\/div>\n\t\t\t\t<\/div>\n\t\t\t\t<\/div>\n\t\t\t\t<\/div>","protected":false},"excerpt":{"rendered":"<p>Somos operadores hoteleros expertos. Somos profesionales en la administraci\u00f3n y operaci\u00f3n hotelera y de vivienda tur\u00edstica para cortas y largas estad\u00edas. Generamos valor a los activos de los propietarios, redefiniendo la gesti\u00f3n de los alojamientos a trav\u00e9s de la tecnolog\u00eda y una experiencia excepcional para los hu\u00e9spedes dentro del marco legal. Hu\u00e9spedes felices y propietarios [&hellip;]<\/p>","protected":false},"author":1,"featured_media":0,"parent":0,"menu_order":0,"comment_status":"closed","ping_status":"closed","template":"","meta":{"footnotes":""},"class_list":["post-198","page","type-page","status-publish","hentry"],"_links":{"self":[{"href":"https:\/\/xcayhome.com\/en\/wp-json\/wp\/v2\/pages\/198","targetHints":{"allow":["GET"]}}],"collection":[{"href":"https:\/\/xcayhome.com\/en\/wp-json\/wp\/v2\/pages"}],"about":[{"href":"https:\/\/xcayhome.com\/en\/wp-json\/wp\/v2\/types\/page"}],"author":[{"embeddable":true,"href":"https:\/\/xcayhome.com\/en\/wp-json\/wp\/v2\/users\/1"}],"replies":[{"embeddable":true,"href":"https:\/\/xcayhome.com\/en\/wp-json\/wp\/v2\/comments?post=198"}],"version-history":[{"count":33,"href":"https:\/\/xcayhome.com\/en\/wp-json\/wp\/v2\/pages\/198\/revisions"}],"predecessor-version":[{"id":1216,"href":"https:\/\/xcayhome.com\/en\/wp-json\/wp\/v2\/pages\/198\/revisions\/1216"}],"wp:attachment":[{"href":"https:\/\/xcayhome.com\/en\/wp-json\/wp\/v2\/media?parent=198"}],"curies":[{"name":"wp","href":"https:\/\/api.w.org\/{rel}","templated":true}]}}